{"id":10,"date":"2015-05-24T20:53:06","date_gmt":"2015-05-24T20:53:06","guid":{"rendered":"http:\/\/xn--schnleber-27a.org\/?page_id=10"},"modified":"2015-05-28T20:48:16","modified_gmt":"2015-05-28T20:48:16","slug":"ausstellung","status":"publish","type":"page","link":"http:\/\/xn--schnleber-27a.org\/?page_id=10","title":{"rendered":"Sammlungen"},"content":{"rendered":"<p><strong>\u00d6ffentliche Sammlungen<\/strong><\/p>\n<p><em>Bayerische Staatsgem\u00e4ldesammlungen M\u00fcnchen<br \/>\nSammlungen des Bezirk Oberpfalz<br \/>\nSammlungen des St\u00e4dtischen Museum Regensburg<br \/>\nSammlungen der Sparkasse Regensburg<\/em><\/p>\n<p><strong>Private Sammlungen<\/strong><\/p>\n<p>Sammlung Arleth<\/p>\n","protected":false},"excerpt":{"rendered":"<p>\u00d6ffentliche Sammlungen Bayerische Staatsgem\u00e4ldesammlungen M\u00fcnchen Sammlungen des Bezirk Oberpfalz Sammlungen des St\u00e4dtischen Museum Regensburg Sammlungen der Sparkasse Regensburg Private Sammlungen Sammlung Arleth<\/p>\n","protected":false},"author":1,"featured_media":0,"parent":0,"menu_order":0,"comment_status":"open","ping_status":"open","template":"","meta":[],"_links":{"self":[{"href":"http:\/\/xn--schnleber-27a.org\/index.php?rest_route=\/wp\/v2\/pages\/10"}],"collection":[{"href":"http:\/\/xn--schnleber-27a.org\/index.php?rest_route=\/wp\/v2\/pages"}],"about":[{"href":"http:\/\/xn--schnleber-27a.org\/index.php?rest_route=\/wp\/v2\/types\/page"}],"author":[{"embeddable":true,"href":"http:\/\/xn--schnleber-27a.org\/index.php?rest_route=\/wp\/v2\/users\/1"}],"replies":[{"embeddable":true,"href":"http:\/\/xn--schnleber-27a.org\/index.php?rest_route=%2Fwp%2Fv2%2Fcomments&post=10"}],"version-history":[{"count":6,"href":"http:\/\/xn--schnleber-27a.org\/index.php?rest_route=\/wp\/v2\/pages\/10\/revisions"}],"predecessor-version":[{"id":230,"href":"http:\/\/xn--schnleber-27a.org\/index.php?rest_route=\/wp\/v2\/pages\/10\/revisions\/230"}],"wp:attachment":[{"href":"http:\/\/xn--schnleber-27a.org\/index.php?rest_route=%2Fwp%2Fv2%2Fmedia&parent=10"}],"curies":[{"name":"wp","href":"https:\/\/api.w.org\/{rel}","templated":true}]}}