{"id":13,"date":"2015-05-24T20:54:10","date_gmt":"2015-05-24T20:54:10","guid":{"rendered":"http:\/\/xn--schnleber-27a.org\/?page_id=13"},"modified":"2015-05-28T20:44:16","modified_gmt":"2015-05-28T20:44:16","slug":"biographie","status":"publish","type":"page","link":"http:\/\/xn--schnleber-27a.org\/?page_id=13","title":{"rendered":"Vita"},"content":{"rendered":"<p><b>Vita<\/b><br \/>\n1965 in N\u00fcrnberg geboren<br \/>\nseit 1989 als freischaffender K\u00fcnstler in Regensburg t\u00e4tig<br \/>\n1993 Deb\u00fctantenf\u00f6rderung der Bay. Staatsregierung<br \/>\n1996 Kunstpreis des Kunst- und Gewerbevereins Regensburg<br \/>\n2004 Kulturf\u00f6rderpreis der Stadt Regensburg<\/p>\n<p><b>Arbeitsgebiete<\/b><br \/>\nMalerei<\/p>\n<p><b>Ausstellungen<\/b><br \/>\n1995 Max-Reger-Halle Weiden,Galerie Hammer&amp;Herzer<br \/>\n1998 Galerie im Ganser Haus, Wasserburg<br \/>\n1999 Rathausgalerie Brixen, S\u00fcdtirol<br \/>\n2000 Kunstverein Augsburg<br \/>\n2001 Volkskundemuseum, Burglengenfeld<br \/>\n2002 Kunstm\u00fchle Rosenheim<br \/>\nSt\u00e4dtische Galerie \u201eLeerer Beutel\u201c, Regensburg<br \/>\n2003 Krankenhaus St. Josef<br \/>\n2005 &#8222;Begegnungen&#8220; St\u00e4dtische Galerie Regensburg<br \/>\n2007 Galerie Erdel Regensburg<br \/>\n2008 Gemeinschaftsaustellung X+X in Klatovy<br \/>\n2009 Gemeinschaftsausstellung zum Jahrestag St\u00e4dtepartnerschaft Brixen<br \/>\n2013 Gemeinschaftsausstellung &#8222;Bella Figura&#8220; in Regensburg und Amberg<\/p>\n","protected":false},"excerpt":{"rendered":"<p>Vita 1965 in N\u00fcrnberg geboren seit 1989 als freischaffender K\u00fcnstler in Regensburg t\u00e4tig 1993 Deb\u00fctantenf\u00f6rderung der Bay. Staatsregierung 1996 Kunstpreis des Kunst- und Gewerbevereins Regensburg 2004 Kulturf\u00f6rderpreis der Stadt Regensburg Arbeitsgebiete Malerei Ausstellungen 1995 Max-Reger-Halle Weiden,Galerie Hammer&amp;Herzer 1998 Galerie im Ganser Haus, Wasserburg 1999 Rathausgalerie Brixen, S\u00fcdtirol 2000 Kunstverein Augsburg 2001 Volkskundemuseum, Burglengenfeld 2002 Kunstm\u00fchle&hellip; <a href=\"http:\/\/xn--schnleber-27a.org\/?page_id=13\">Continue reading <span class=\"screen-reader-text\">Vita<\/span><\/a><\/p>\n","protected":false},"author":1,"featured_media":0,"parent":0,"menu_order":0,"comment_status":"open","ping_status":"open","template":"","meta":[],"_links":{"self":[{"href":"http:\/\/xn--schnleber-27a.org\/index.php?rest_route=\/wp\/v2\/pages\/13"}],"collection":[{"href":"http:\/\/xn--schnleber-27a.org\/index.php?rest_route=\/wp\/v2\/pages"}],"about":[{"href":"http:\/\/xn--schnleber-27a.org\/index.php?rest_route=\/wp\/v2\/types\/page"}],"author":[{"embeddable":true,"href":"http:\/\/xn--schnleber-27a.org\/index.php?rest_route=\/wp\/v2\/users\/1"}],"replies":[{"embeddable":true,"href":"http:\/\/xn--schnleber-27a.org\/index.php?rest_route=%2Fwp%2Fv2%2Fcomments&post=13"}],"version-history":[{"count":4,"href":"http:\/\/xn--schnleber-27a.org\/index.php?rest_route=\/wp\/v2\/pages\/13\/revisions"}],"predecessor-version":[{"id":229,"href":"http:\/\/xn--schnleber-27a.org\/index.php?rest_route=\/wp\/v2\/pages\/13\/revisions\/229"}],"wp:attachment":[{"href":"http:\/\/xn--schnleber-27a.org\/index.php?rest_route=%2Fwp%2Fv2%2Fmedia&parent=13"}],"curies":[{"name":"wp","href":"https:\/\/api.w.org\/{rel}","templated":true}]}}